{"id":269,"date":"2021-10-10T07:33:07","date_gmt":"2021-10-10T07:33:07","guid":{"rendered":"https:\/\/yoga-nbg.de\/?page_id=269"},"modified":"2025-05-15T11:57:57","modified_gmt":"2025-05-15T09:57:57","slug":"datenschutzerklaerung","status":"publish","type":"page","link":"https:\/\/yoga-nbg.de\/?page_id=269","title":{"rendered":"Datenschutzerkl\u00e4rung"},"content":{"rendered":"\n<p><strong>\u00a7 1 Allgemeines<\/strong><\/p>\n\n\n\n<p>Ihre personenbezogenen Daten (z.&nbsp;B. Anrede, Name, Anschrift, E-Mail-Adresse, Telefonnummer) werden von uns nur gem\u00e4\u00df den Bestimmungen des deutschen Datenschutzrechts und des Datenschutzrechts der Europ\u00e4ischen Union (EU) verarbeitet. Die nachfolgenden Vorschriften informieren Sie neben den Verarbeitungszwecken, Empf\u00e4ngern, Rechtsgrundlagen, Speicherfristen auch \u00fcber Ihre Rechte und den Verantwortlichen f\u00fcr Ihre Datenverarbeitung. Diese Datenschutzerkl\u00e4rung bezieht sich nur auf unsere Websites. Falls Sie \u00fcber Links auf unseren Seiten auf andere Seiten weitergeleitet werden, informieren Sie sich bitte dort \u00fcber den jeweiligen Umgang mit Ihren Daten.<\/p>\n\n\n\n<p><strong>\u00a7 2 Kontaktaufnahme<\/strong><\/p>\n\n\n\n<p>(1) Verarbeitungszweck<\/p>\n\n\n\n<p>Ihre personenbezogenen Daten, die Sie uns per E-Mail, Kontaktformular etc. zur Verf\u00fcgung stellen, verarbeiten wir zur Beantwortung und Erledigung Ihrer Anfragen. Sie sind nicht verpflichtet, uns Ihre personenbezogenen Daten bereitzustellen. Aber ohne Mitteilung Ihrer E-Mail-Adresse k\u00f6nnen wir Ihnen auch nicht per E-Mail antworten.<\/p>\n\n\n\n<p>(2) Rechtsgrundlagen<\/p>\n\n\n\n<p>a) Sollten Sie uns eine ausdr\u00fcckliche Einwilligung zur Verarbeitung Ihrer Daten gegeben haben, ist Art.&nbsp;6 Abs.&nbsp;1 Buchst. a DSGVO die Rechtsgrundlage f\u00fcr diese Verarbeitung.<\/p>\n\n\n\n<p>b) Sollten wir Ihre Daten zur Durchf\u00fchrung vorvertraglicher Ma\u00dfnahmen verarbeiten, ist Art.&nbsp;6 Abs.&nbsp;1 Buchst. b DSGVO die Rechtsgrundlage.<\/p>\n\n\n\n<p>c) In allen anderen F\u00e4llen (insbesondere bei Nutzung eines Kontaktformulars) ist Art.&nbsp;6 Abs.&nbsp;1 Buchst. f DSGVO die Rechtsgrundlage.<\/p>\n\n\n\n<p>WIDERSPRUCHSRECHT: Sie haben das Recht, der Datenverarbeitung, die auf der Grundlage des Art.&nbsp;6 Abs.&nbsp;1 Buchst. f DSGVO erfolgt und nicht der Direktwerbung dient, aus Gr\u00fcnden, die sich aus Ihrer besonderen Situation ergeben, jederzeit zu widersprechen.<\/p>\n\n\n\n<p>Im Falle der Direktwerbung k\u00f6nnen Sie der Verarbeitung hingegen ohne Angabe von Gr\u00fcnden jederzeit widersprechen.<\/p>\n\n\n\n<p>(3) Berechtigtes Interesse<\/p>\n\n\n\n<p>Unser berechtigtes Interesse an der Verarbeitung besteht darin, mit Ihnen auf schnellem Wege zu kommunizieren und Ihre Anfragen kosteng\u00fcnstig zu beantworten. Wenn Sie uns Ihre Anschrift mitteilen, behalten wir uns vor, diese f\u00fcr postalische Direktwerbung zu verwenden. Ihr Interesse am Datenschutz k\u00f6nnen Sie durch eine sparsame Datenweitergabe (z.&nbsp;B. Verwendung eines Pseudonyms) wahren.<\/p>\n\n\n\n<p>(4) Empf\u00e4ngerkategorien<\/p>\n\n\n\n<p>Hostinganbieter, Versanddienstleister bei Direktwerbung<\/p>\n\n\n\n<p>(5) Speicherdauer<\/p>\n\n\n\n<p>Ihre Daten werden gel\u00f6scht, wenn sich aus den Umst\u00e4nden entnehmen l\u00e4sst, dass Ihre Anfrage bzw. der betroffene Sachverhalt abschlie\u00dfend gekl\u00e4rt ist.<\/p>\n\n\n\n<p>Falls es jedoch zu einem Vertragsschluss kommt, werden die nach Handels- und Steuerrecht erforderlichen Daten von uns f\u00fcr die gesetzlich bestimmten Zeitr\u00e4ume aufbewahrt, also regelm\u00e4\u00dfig zehn Jahre (vgl. \u00a7&nbsp;257 HGB, \u00a7&nbsp;147 AO).<\/p>\n\n\n\n<p>(6) Widerrufsrecht<\/p>\n\n\n\n<p>Sie haben im Fall der Verarbeitung aufgrund Ihrer Einwilligung das Recht, Ihre Einwilligung jederzeit zu widerrufen.<\/p>\n\n\n\n<p><strong>\u00a7 3 Informationen \u00fcber Cookies<\/strong><\/p>\n\n\n\n<p>(1) Verarbeitungszweck<\/p>\n\n\n\n<p>Auf dieser Webseite werden technisch notwendige Cookies eingesetzt. Es handelt sich dabei um kleine Textdateien, die in bzw. von Ihrem Internetbrowser auf Ihrem Computersystem nicht dauerhaft gespeichert werden und nur der Funktionsf\u00e4higkeit der Webseite dienen.&nbsp;Andere Cookies bleiben dauerhaft und erkennen Ihren Browser beim n\u00e4chsten Besuch wieder, um die Benutzerfreundlichkeit der Webseite zu erh\u00f6hen.<\/p>\n\n\n\n<p>(2) Rechtsgrundlage<\/p>\n\n\n\n<p>Rechtsgrundlage f\u00fcr die Verarbeitung ist Art. 6 Abs. 1 Buchst. a DSGVO.<\/p>\n\n\n\n<p>Die nachstehende Einwilligung zum Cookie-Einsatz auf unserer Seite haben Sie ggf. ausdr\u00fccklich erteilt:<\/p>\n\n\n\n<p>Ich willige ein, dass Muster-Cookies f\u00fcr den Muster-Zweck dauerhaft auf meinem Endger\u00e4t gespeichert werden. Meine Einwilligung kann ich jederzeit folgenderma\u00dfen widerrufen: <\/p>\n\n\n<button  href=\"#consent-revoke\" role=\"button\" id=\"rcb-sc-link-revoke\" data-success-message=\"Sie haben die Einwilligung erfolgreich widerrufen. Die Seite wird nun neu geladen.\" class=\"rcb-sc-link rcb-sc-link-revoke \">Einwilligungen widerrufen<\/button>\n\n\n\n<p><\/p>\n\n\n\n<p>(3) Speicherdauer<\/p>\n\n\n\n<p>Die technisch notwendigen Cookies werden im Regelfall mit dem Schlie\u00dfen des Browsers gel\u00f6scht. Dauerhaft gespeicherte Cookies haben eine unterschiedlich lange Lebensdauer von einigen Minuten bis zu mehreren Jahren.<\/p>\n\n\n\n<p>(4) Widerrufsrecht<\/p>\n\n\n\n<p>Falls Sie die Speicherung dieser Cookies nicht w\u00fcnschen, deaktivieren Sie bitte die Annahme dieser Cookies in Ihrem Internetbrowser. Dies kann aber eine Funktionseinschr\u00e4nkung unserer Webseite zur Folge haben.<\/p>\n\n\n\n<p>Ihre Einwilligung in die dauerhafte Speicherung k\u00f6nnen Sie dadurch widerrufen, dass Sie die gespeicherten Cookies \u00fcber Ihren Browser l\u00f6schen.<\/p>\n\n\n\n<p><strong>\u00a7 4 Ihre Rechte als Betroffener<\/strong><\/p>\n\n\n\n<p>Werden personenbezogene Daten von Ihnen verarbeitet, sind Sie Betroffener im Sinne der DSGVO und es stehen Ihnen folgende Rechte gegen\u00fcber uns als Verantwortlichen zu:<\/p>\n\n\n\n<p>1. Recht auf Auskunft<\/p>\n\n\n\n<p>Sie k\u00f6nnen im Rahmen des Art. 15 DSGVO Auskunft \u00fcber Ihre von uns verarbeiteten personenbezogenen Daten verlangen.<\/p>\n\n\n\n<p>2. Recht auf Berichtigung<\/p>\n\n\n\n<p>Sollten die Sie betreffenden Angaben nicht (mehr) zutreffend sein, k\u00f6nnen Sie nach Art. 16 DSGVO eine Berichtigung verlangen. Sollten Ihre Daten unvollst\u00e4ndig sein, k\u00f6nnen Sie eine Vervollst\u00e4ndigung verlangen.<\/p>\n\n\n\n<p>3. Recht auf L\u00f6schung<\/p>\n\n\n\n<p>Sie k\u00f6nnen unter den Bedingungen des Art. 17 DSGVO die L\u00f6schung Ihrer personenbezogenen Daten verlangen.<\/p>\n\n\n\n<p>4. Recht auf Einschr\u00e4nkung der Verarbeitung<\/p>\n\n\n\n<p>Sie haben im Rahmen der Vorgaben des Art. 18 DSGVO das Recht, eine Einschr\u00e4nkung der Verarbeitung der Sie betreffenden Daten zu verlangen.<\/p>\n\n\n\n<p>5. Recht auf Daten\u00fcbertragbarkeit<\/p>\n\n\n\n<p>Sie haben nach Art. 20 DSGVO das Recht, die Sie betreffenden personenbezogenen Daten, die Sie uns bereitgestellt haben, in einem strukturierten, g\u00e4ngigen und maschinenlesbaren Format zu erhalten oder die \u00dcbermittlung an einen anderen Verantwortlichen zu verlangen.<\/p>\n\n\n\n<p>6. Recht auf Widerruf der datenschutzrechtlichen Einwilligungserkl\u00e4rung<\/p>\n\n\n\n<p>Sie haben nach Art. 7 Abs. 3 DSGVO das Recht, Ihre datenschutzrechtliche Einwilligungserkl\u00e4rung jederzeit zu widerrufen. Die Rechtm\u00e4\u00dfigkeit der aufgrund der Einwilligung bis zum Widerruf erfolgten Verarbeitung wird dadurch nicht ber\u00fchrt.<\/p>\n\n\n\n<p>7. Recht auf Beschwerde bei einer Aufsichtsbeh\u00f6rde<\/p>\n\n\n\n<p>Wenn Sie der Ansicht sind, dass die Verarbeitung der Sie betreffenden personenbezogenen Daten gegen die DSGVO verst\u00f6\u00dft, steht Ihnen nach Art. 77 DSGVO das Recht auf Beschwerde bei einer Aufsichtsbeh\u00f6rde (insbesondere in dem Mitgliedstaat ihres Aufenthaltsorts, ihres Arbeitsplatzes oder des Orts des mutma\u00dflichen Versto\u00dfes) zu.<\/p>\n\n\n\n<p>Bitte beachten Sie auch Ihr Widerspruchsrecht nach Art. 21 DSGVO:<\/p>\n\n\n\n<p>a) Allgemein: begr\u00fcndeter Widerspruch erforderlich<\/p>\n\n\n\n<p>Erfolgt die Verarbeitung Sie betreffender personenbezogener Daten<\/p>\n\n\n\n<p>&#8211; zur Wahrung unseres \u00fcberwiegenden berechtigten Interesses (Rechtsgrundlage nach Art. 6 Abs. 1 Buchst. f DSGVO) oder<\/p>\n\n\n\n<p>&#8211; im \u00f6ffentlichen Interesse (Rechtsgrundlage nach Art. 6 Abs. 1 Buchst. e DSGVO),<\/p>\n\n\n\n<p>haben Sie das Recht, jederzeit aus Gr\u00fcnden, die sich aus Ihrer besonderen Situation ergeben, gegen die Verarbeitung Widerspruch einzulegen; dies gilt auch f\u00fcr ein auf die Bestimmungen der DSGVO gest\u00fctztes Profiling.<\/p>\n\n\n\n<p>Im Fall des Widerspruchs verarbeiten wir die Sie betreffenden personenbezogenen Daten nicht mehr, es sei denn, wir k\u00f6nnen zwingende schutzw\u00fcrdige Gr\u00fcnde f\u00fcr die Verarbeitung nachweisen, die Ihre Interessen, Rechte und Freiheiten \u00fcberwiegen, oder die Verarbeitung dient der Geltendmachung, Aus\u00fcbung oder Verteidigung von Rechtsanspr\u00fcchen.<\/p>\n\n\n\n<p>b) Sonderfall Direktwerbung: einfacher Widerspruch gen\u00fcgt<\/p>\n\n\n\n<p>Werden die Sie betreffenden personenbezogenen Daten verarbeitet, um Direktwerbung zu betreiben, haben Sie das Recht, jederzeit und ohne Angabe von Gr\u00fcnden Widerspruch gegen diese Verarbeitung einzulegen; dies gilt auch f\u00fcr das Profiling, soweit es mit solcher Direktwerbung in Verbindung steht.<\/p>\n\n\n\n<p>Widersprechen Sie der Verarbeitung f\u00fcr Zwecke der Direktwerbung, so werden die Sie betreffenden personenbezogenen Daten nicht mehr f\u00fcr diese Zwecke verarbeitet.<\/p>\n\n\n\n<p><strong>Verantwortlicher f\u00fcr die Datenverarbeitung:<\/strong><br>Yoga Institut N\u00fcrnberg e. V.<br>c\/o Herrn Stefan Strom<br>Forsthofstra\u00dfe 6<br>90461 N\u00fcrnberg<br>Telefon: 0160-5283886<br>info@yoga-nbg.de<\/p>\n\n\n<button  href=\"#consent-change\" role=\"button\" id=\"rcb-sc-link-change\" data-success-message=\"\" class=\"rcb-sc-link rcb-sc-link-change \">Privatsph\u00e4re-Einstellungen \u00e4ndern<\/button>\n\n\n<button  href=\"#consent-history\" role=\"button\" id=\"rcb-sc-link-history\" data-success-message=\"\" class=\"rcb-sc-link rcb-sc-link-history \">Historie der Privatsph\u00e4re-Einstellungen<\/button>\n\n\n<button  href=\"#consent-revoke\" role=\"button\" id=\"rcb-sc-link-revoke\" data-success-message=\"Sie haben die Einwilligung erfolgreich widerrufen. Die Seite wird nun neu geladen.\" class=\"rcb-sc-link rcb-sc-link-revoke \">Einwilligungen widerrufen<\/button>\n","protected":false},"excerpt":{"rendered":"<p>\u00a7 1 Allgemeines Ihre personenbezogenen Daten (z.&nbsp;B. Anrede, Name, Anschrift, E-Mail-Adresse, Telefonnummer) werden von uns nur gem\u00e4\u00df den Bestimmungen des deutschen Datenschutzrechts und des Datenschutzrechts der Europ\u00e4ischen Union (EU) verarbeitet. [&hellip;]<\/p>\n","protected":false},"author":1,"featured_media":0,"parent":0,"menu_order":0,"comment_status":"closed","ping_status":"closed","template":"","meta":{"footnotes":""},"class_list":["post-269","page","type-page","status-publish","hentry"],"_links":{"self":[{"href":"https:\/\/yoga-nbg.de\/index.php?rest_route=\/wp\/v2\/pages\/269","targetHints":{"allow":["GET"]}}],"collection":[{"href":"https:\/\/yoga-nbg.de\/index.php?rest_route=\/wp\/v2\/pages"}],"about":[{"href":"https:\/\/yoga-nbg.de\/index.php?rest_route=\/wp\/v2\/types\/page"}],"author":[{"embeddable":true,"href":"https:\/\/yoga-nbg.de\/index.php?rest_route=\/wp\/v2\/users\/1"}],"replies":[{"embeddable":true,"href":"https:\/\/yoga-nbg.de\/index.php?rest_route=%2Fwp%2Fv2%2Fcomments&post=269"}],"version-history":[{"count":4,"href":"https:\/\/yoga-nbg.de\/index.php?rest_route=\/wp\/v2\/pages\/269\/revisions"}],"predecessor-version":[{"id":2582,"href":"https:\/\/yoga-nbg.de\/index.php?rest_route=\/wp\/v2\/pages\/269\/revisions\/2582"}],"wp:attachment":[{"href":"https:\/\/yoga-nbg.de\/index.php?rest_route=%2Fwp%2Fv2%2Fmedia&parent=269"}],"curies":[{"name":"wp","href":"https:\/\/api.w.org\/{rel}","templated":true}]}}