{"id":44,"date":"2021-10-10T10:02:08","date_gmt":"2021-10-10T10:02:08","guid":{"rendered":"http:\/\/demo.themegrill.com\/radiate\/?page_id=44"},"modified":"2024-11-23T22:23:07","modified_gmt":"2024-11-23T21:23:07","slug":"unsere-yoga-lehrenden","status":"publish","type":"page","link":"https:\/\/yoga-nbg.de\/?page_id=44","title":{"rendered":"Yogalehrende"},"content":{"rendered":"\n<p class=\"has-black-color has-text-color\">Mit unseren qualifizierten Yogalehrerinnen und Yogalehrern k\u00f6nnen wir als Verein eine Vielfalt an Yoga-Kursen und auch Seminaren anbieten. Alle Yogalehrenden stehen in der Tradition des \u201eKlassischen Yoga\u201c.<\/p>\n\n\n\n<div class=\"wp-block-columns is-layout-flex wp-container-core-columns-is-layout-9d6595d7 wp-block-columns-is-layout-flex\">\n<div class=\"wp-block-column is-layout-flow wp-block-column-is-layout-flow\">\n<p class=\"has-text-align-center has-black-color has-text-color has-link-color wp-elements-ffa879d21d0c6b7abbe9a458c5d6f2dc\"><strong>Dr. Christian Schmidt<\/strong><\/p>\n\n\n<div class=\"wp-block-image\">\n<figure class=\"aligncenter size-large is-resized\"><img loading=\"lazy\" decoding=\"async\" width=\"922\" height=\"1024\" src=\"https:\/\/yoga-nbg.de\/wp-content\/uploads\/2021\/12\/Dr.-Christian-Schmidt-Foto-fuer-YIN-922x1024.jpg\" alt=\"\" class=\"wp-image-970\" style=\"width:157px;height:174px\"\/><\/figure>\n<\/div>\n\n\n<p class=\"has-text-align-left has-black-color has-text-color has-link-color wp-elements-9977059ec9c5c3c5b3fb743c9fab963b\">Prof. Dr. rer. pol., Yogalehrer BDY\/EYU, Meditations- und Yoga-Praxis seit 1975, Yoga-Ausbildung bei Dr. Jayadeva Yogendra am \u201eThe Yoga Institute\u201c in Bombay, zahlreiche Studienaufenthalte in Indien, zweij\u00e4hrige NLP-Ausbildung. Gr\u00fcndungsmitglied und Ehrenvorsitzender des Vereins, Kursleitung seit vielen Jahren, Ver\u00f6ffentlichungen zum Thema Yoga: \u201eErfahrungsweg Yoga, Gottesbegegnung durch Selbstfindung\u201c (Claudius Verlag), Beitr\u00e4ge im \u201eYoga-Forum\u201c und \u201eYoga and Total Health\u201c. O. Prof. an der Technischen Hochschule N\u00fcrnberg Georg Simon Ohm, Fakult\u00e4t&nbsp;Betriebswirtschaft, bis 2016<\/p>\n<\/div>\n\n\n\n<div class=\"wp-block-column is-layout-flow wp-block-column-is-layout-flow\">\n<p class=\"has-text-align-center has-black-color has-text-color has-link-color wp-elements-c956901fe05bcdaf01d840a2c1d57337\"><strong>Angela Kriegel<\/strong><\/p>\n\n\n<div class=\"wp-block-image\">\n<figure class=\"aligncenter size-full is-resized\"><img loading=\"lazy\" decoding=\"async\" width=\"100\" height=\"135\" src=\"https:\/\/yoga-nbg.de\/wp-content\/uploads\/2021\/10\/A_Kriegel.jpg\" alt=\"\" class=\"wp-image-275\" style=\"width:107px;height:144px\"\/><\/figure>\n<\/div>\n\n\n<p class=\"has-text-align-left has-black-color has-text-color has-link-color wp-elements-f8b103284556ed52606ac0f8e25a81b0\">Arzthelferin und Pharmareferentin, \u00e4rztlich gepr\u00fcfte Yoga-Lehrerin BDY seit 2004 mit Schwerpunkt Vini-Yoga nach T.K.V. Desikarchar, 2-j\u00e4hriges Lehrseminar in&nbsp;Transaktionsanalyse bei Pater und Therapeut Thomas Kaschten (Rheinland-Pfalz),&nbsp;Yogapraxis seit 1998, seit 2005 in Weiterbildung bei Helga Simon Wagenbach in&nbsp;Yoga-Meditation<\/p>\n<\/div>\n<\/div>\n\n\n\n<div class=\"wp-block-columns is-layout-flex wp-container-core-columns-is-layout-9d6595d7 wp-block-columns-is-layout-flex\">\n<div class=\"wp-block-column is-vertically-aligned-center is-layout-flow wp-block-column-is-layout-flow\">\n<p class=\"has-text-align-center has-black-color has-text-color has-link-color wp-elements-7887b27538b5934d7f20292ec7fef2be\"><strong>Elfi und G\u00fcnter Heinze<\/strong><\/p>\n\n\n\n<p class=\"has-black-color has-text-color has-link-color wp-elements-0950d692a38bb1269bf19d2988faa697\">Yogalehrer\/-in BDY\/EY, Gr\u00fcndungsmitglieder des Vereins, klassischer Yoga bei Prof. Dr.\u00a0Christian Schmidt, Pr\u0101\u1e47\u0101y\u0101ma bei Dr. Bhushan Shrikrishna,\u00a0Jnana-Yoga bei Dr. Bhagwan Awatramani, Studienaufenthalte in Indien und der Schweiz,\u00a0Kursleitung seit mehreren Jahren<\/p>\n<\/div>\n\n\n\n<div class=\"wp-block-column is-layout-flow wp-block-column-is-layout-flow\">\n<p class=\"has-text-align-center has-black-color has-text-color has-link-color wp-elements-e759f4774a61e3842021dfe10b443a16\"><strong>Elke Meyer<\/strong><\/p>\n\n\n<div class=\"wp-block-image\">\n<figure class=\"aligncenter size-large is-resized\"><img loading=\"lazy\" decoding=\"async\" width=\"1024\" height=\"1020\" src=\"https:\/\/yoga-nbg.de\/wp-content\/uploads\/2023\/10\/Profilbild-Elke-1024x1020.jpg\" alt=\"\" class=\"wp-image-1850\" style=\"width:186px;height:185px\" srcset=\"https:\/\/yoga-nbg.de\/wp-content\/uploads\/2023\/10\/Profilbild-Elke-1024x1020.jpg 1024w, https:\/\/yoga-nbg.de\/wp-content\/uploads\/2023\/10\/Profilbild-Elke-300x300.jpg 300w, https:\/\/yoga-nbg.de\/wp-content\/uploads\/2023\/10\/Profilbild-Elke-150x150.jpg 150w, https:\/\/yoga-nbg.de\/wp-content\/uploads\/2023\/10\/Profilbild-Elke-768x765.jpg 768w, https:\/\/yoga-nbg.de\/wp-content\/uploads\/2023\/10\/Profilbild-Elke.jpg 1073w\" sizes=\"auto, (max-width: 1024px) 100vw, 1024px\" \/><\/figure>\n<\/div>\n\n\n<p class=\"has-black-color has-text-color has-link-color wp-elements-e477b54412c40dafcbd9670da156ce38\">Yogalehrerin Basic BDY (Ausbildung an der Yogaschule Nordbayern), Pflegefachfrau, Trainerin f\u00fcr Bewegungslehre nach Liebscher und Bracht, Yoga-Lehrt\u00e4tigkeit bzw. Yoga-Kursleiterin f\u00fcr: Einzelstunden, betriebliche Gesundheitsf\u00f6rderung, Yoga-Kurse\/-Seminare Yoga Institut N\u00fcrnberg e. V.<\/p>\n\n\n\n<p class=\"has-black-color has-text-color has-link-color wp-elements-e1067138ef0df0443a715ad5aac7debe\">Internetseite YLin Elke Meyer: www.meetandgreetyoga.de<\/p>\n\n\n\n<p class=\"has-black-color has-text-color has-link-color wp-elements-c16c80147724eee07ddfdfbfeb1ee603\">\u201eDas Geheimnis des Vorw\u00e4rtskommens besteht darin, den ersten Schritt zu tun.\u201c (Marc Twain)<\/p>\n<\/div>\n<\/div>\n\n\n\n<div class=\"wp-block-columns is-layout-flex wp-container-core-columns-is-layout-9d6595d7 wp-block-columns-is-layout-flex\">\n<div class=\"wp-block-column is-layout-flow wp-block-column-is-layout-flow\">\n<p class=\"has-text-align-center has-black-color has-text-color has-link-color wp-elements-1595b13492d5a1910138fc9b7b8d3b2a\"><strong>G\u00fcnter Schumacher<\/strong><\/p>\n\n\n<div class=\"wp-block-image\">\n<figure class=\"aligncenter size-full\"><img loading=\"lazy\" decoding=\"async\" width=\"150\" height=\"150\" src=\"https:\/\/yoga-nbg.de\/wp-content\/uploads\/2021\/10\/GS-150x150-1.jpg\" alt=\"\" class=\"wp-image-280\"\/><\/figure>\n<\/div>\n\n\n<p class=\"has-black-color has-text-color has-link-color wp-elements-ede1881a7a33e255271cb27974bef2c0\">Diplom-Ingenieur (Maschinenbau), Abschluss der Pr\u0101\u1e47\u0101y\u0101ma-Ausbildung bei Dr. Shrikrishna 2011, Kursleiter f\u00fcr Pr\u0101\u1e47\u0101y\u0101ma-Kurse im YIN seit 2015, Yoga-\u00dcbender am YIN seit 2004<\/p>\n<\/div>\n\n\n\n<div class=\"wp-block-column is-layout-flow wp-block-column-is-layout-flow\">\n<p class=\"has-text-align-center has-black-color has-text-color has-link-color wp-elements-c1aa0497a394fee3b55a8785dcedcd52\"><strong>Irmhild Degen<\/strong><\/p>\n\n\n<div class=\"wp-block-image\">\n<figure class=\"aligncenter size-full is-resized\"><img loading=\"lazy\" decoding=\"async\" width=\"99\" height=\"150\" src=\"https:\/\/yoga-nbg.de\/wp-content\/uploads\/2021\/10\/i_degen-1.jpg\" alt=\"\" class=\"wp-image-283\" style=\"width:126px;height:191px\"\/><\/figure>\n<\/div>\n\n\n<p class=\"has-black-color has-text-color has-link-color wp-elements-b0b15411b06e57b01ae423b587cc8356\">Yogalehrerin BDY\/EYU, kontinuierliche Yoga- und Meditationspraxis seit 2002, Yoga-Lehrt\u00e4tigkeit seit 2014 an der Yogaschule Nordbayern, Buchh\u00e4ndlerin (z. Zt. als Bibliotheksassistentin t\u00e4tig)<\/p>\n<\/div>\n<\/div>\n\n\n\n<div class=\"wp-block-columns alignwide is-layout-flex wp-container-core-columns-is-layout-9d6595d7 wp-block-columns-is-layout-flex\">\n<div class=\"wp-block-column is-layout-flow wp-block-column-is-layout-flow\">\n<p class=\"has-text-align-center has-black-color has-text-color has-link-color wp-elements-c2937d890547b368e502e0a4108a15e4\"><strong>Stefan Strom<\/strong><\/p>\n\n\n<div class=\"wp-block-image\">\n<figure class=\"aligncenter size-full\"><img loading=\"lazy\" decoding=\"async\" width=\"119\" height=\"184\" src=\"https:\/\/yoga-nbg.de\/wp-content\/uploads\/2021\/10\/Bild-Stefan.png\" alt=\"\" class=\"wp-image-382\"\/><\/figure>\n<\/div>\n\n\n<p class=\"has-text-align-center has-black-color has-text-color has-link-color wp-elements-69da09bdcc8cfc6fb1a4c66f5749ef89\">Yogalehrer BDY\/EYU: Yogalehrer-Ausbildung in Yogaschule Nordbayern (Veronika Karl), klassischer Yoga als Yoga-\u00dcbender bei Prof. Dr. Christian Schmidt seit 2009, Vorstand im YIN; Dipl.-Betriebsw. (FH), t\u00e4tig an der Technischen Hochschule N\u00fcrnberg GSO, nebenberufl. Dozent<\/p>\n<\/div>\n\n\n\n<div class=\"wp-block-column is-layout-flow wp-block-column-is-layout-flow\"><\/div>\n<\/div>\n\n\n\n<p><\/p>\n","protected":false},"excerpt":{"rendered":"<p>Unsere qualifizierten Yogalehrer\/-innen unterrichten in der Tradition des<br \/>\n\u201eKlassischen Yoga\u201c.<\/p>\n","protected":false},"author":1,"featured_media":1767,"parent":0,"menu_order":0,"comment_status":"closed","ping_status":"closed","template":"","meta":{"footnotes":""},"class_list":["post-44","page","type-page","status-publish","has-post-thumbnail","hentry"],"_links":{"self":[{"href":"https:\/\/yoga-nbg.de\/index.php?rest_route=\/wp\/v2\/pages\/44","targetHints":{"allow":["GET"]}}],"collection":[{"href":"https:\/\/yoga-nbg.de\/index.php?rest_route=\/wp\/v2\/pages"}],"about":[{"href":"https:\/\/yoga-nbg.de\/index.php?rest_route=\/wp\/v2\/types\/page"}],"author":[{"embeddable":true,"href":"https:\/\/yoga-nbg.de\/index.php?rest_route=\/wp\/v2\/users\/1"}],"replies":[{"embeddable":true,"href":"https:\/\/yoga-nbg.de\/index.php?rest_route=%2Fwp%2Fv2%2Fcomments&post=44"}],"version-history":[{"count":4,"href":"https:\/\/yoga-nbg.de\/index.php?rest_route=\/wp\/v2\/pages\/44\/revisions"}],"predecessor-version":[{"id":2403,"href":"https:\/\/yoga-nbg.de\/index.php?rest_route=\/wp\/v2\/pages\/44\/revisions\/2403"}],"wp:featuredmedia":[{"embeddable":true,"href":"https:\/\/yoga-nbg.de\/index.php?rest_route=\/wp\/v2\/media\/1767"}],"wp:attachment":[{"href":"https:\/\/yoga-nbg.de\/index.php?rest_route=%2Fwp%2Fv2%2Fmedia&parent=44"}],"curies":[{"name":"wp","href":"https:\/\/api.w.org\/{rel}","templated":true}]}}