{"id":46,"date":"2021-10-10T10:01:19","date_gmt":"2021-10-10T10:01:19","guid":{"rendered":"http:\/\/demo.themegrill.com\/radiate\/?page_id=46"},"modified":"2025-12-15T21:26:55","modified_gmt":"2025-12-15T20:26:55","slug":"kurse-seminare","status":"publish","type":"page","link":"https:\/\/yoga-nbg.de\/?page_id=46","title":{"rendered":"\u00dcber das YIN"},"content":{"rendered":"\n<p class=\"has-text-color\" style=\"color:#8a4679\">Am <strong>17.05.1996<\/strong> gr\u00fcndeten 24 Yoga-\u00dcbende das <strong>Yoga Institut N\u00fcrnberg e. V. (YIN)<\/strong><\/p>\n\n\n\n<p class=\"has-black-color has-text-color\">Der Verein ist als <strong>gemeinn\u00fctzig <\/strong>vom Finanzamt anerkannt.<\/p>\n\n\n\n<p class=\"has-black-color has-text-color\">Die Ziele und Grunds\u00e4tze des Yoga Instituts N\u00fcrnberg e.V. (YIN) sind in der <strong>Satzung <\/strong>verankert.<\/p>\n\n\n\n<p class=\"has-black-color has-text-color\">Das Yoga Institut N\u00fcrnberg e. V. (YIN) ist ein spirituelles Zentrum in Innenstadtn\u00e4he. Das YIN wird gef\u00fchrt und getragen von Menschen, die im Leben stehen und den Yoga in seiner umfassenden Form \u00fcben. Die Lehrerinnen und Lehrer sind erfahrene Pers\u00f6nlichkeiten und umfassend ausgebildet, u. a. BDY\/EYU gepr\u00fcft. Unser Kursangebot richtet sich an Menschen, die nach einem tieferen Sinn im Leben fragen beziehungsweise Lebenshilfe und Orientierung suchen.<\/p>\n\n\n\n<p class=\"has-black-color has-text-color\">Das YIN m\u00f6chte Menschen ansprechen, die ihre Pers\u00f6nlichkeit auf der Grundlage des <a href=\"https:\/\/yoga-nbg.de\/?page_id=462\">\u201eKlassischen Yoga\u201c<\/a> ganzheitlich entwickeln und ihr Selbst entfalten wollen. Hierzu bieten wir <strong>Einf\u00fchrungskurse<\/strong>, <strong>weiterf\u00fchrende Kurse<\/strong>, <strong>Seminare<\/strong>, <strong>Vortr\u00e4ge<\/strong>, <strong>Buchempfehlungen<\/strong> und <strong>pers\u00f6nliche Gespr\u00e4che<\/strong> an.<\/p>\n\n\n\n<p><\/p>\n\n\n\n<p class=\"has-text-color\" style=\"color:#8a4679\"><strong>Mitgliedschaft<\/strong><\/p>\n\n\n\n<p class=\"has-black-color has-text-color\">Das Yoga Institut N\u00fcrnberg e. V. m\u00f6chte als gemeinn\u00fctziger, eingetragener Verein eine Plattform und ein Zentrum f\u00fcr die Vermittlung und \u00dcbung des <a href=\"https:\/\/yoga-nbg.de\/?page_id=462\">\u201eKlassischen Yoga\u201c<\/a> in der gegenw\u00e4rtigen Gesellschaft sein. Wir sind \u00fcberzeugt, dass die Tiefe dieses umfassenden Systems der Selbstentfaltung und Transformation der Pers\u00f6nlichkeit den Menschen helfen kann, die nach einem tieferen Sinn im Leben fragen, nach Lebenshilfe oder Orientierung suchen.<\/p>\n\n\n\n<p class=\"has-black-color has-text-color\">Mit Ihrer Mitgliedschaft und einem Jahresbeitrag von 30,- EUR (Familienmitgliedschaft 50,- EUR) unterst\u00fctzen Sie die Arbeit unseres Vereins. Als Mitglied gelten f\u00fcr Sie verg\u00fcnstigte Kursbeitr\u00e4ge und Sie erhalten zwei Mal j\u00e4hrlich kostenlos die \u201eYIN-Nachrichten\u201c per Post.<\/p>\n\n\n\n<p><\/p>\n\n\n\n<p class=\"has-text-color\" style=\"color:#8a4679\"><strong>Ehrenvorsitz<\/strong><\/p>\n\n\n\n<p class=\"has-black-color has-text-color\">Prof. Dr. Christian Schmidt<\/p>\n\n\n\n<p class=\"has-text-color\" style=\"color:#8a4679\"><strong>Vorstand<\/strong><\/p>\n\n\n\n<p class=\"has-black-color has-text-color\"><strong>1. Vorsitzender:<\/strong> Stefan Strom<\/p>\n\n\n\n<p class=\"has-black-color has-text-color\"><strong>\u00d6ffentlichkeitsbeauftragte: <\/strong>Stefanie Strom<\/p>\n\n\n\n<p class=\"has-black-color has-text-color\"><strong>Schatzmeister:<\/strong> Bernd G\u00f6ssel<\/p>\n\n\n\n<p class=\"has-black-color has-text-color\"><strong>Schriftf\u00fchrerin: <\/strong>Julia Rokitte<\/p>\n\n\n\n<p><\/p>\n\n\n\n<p class=\"has-text-color\" style=\"color:#8a4679\"><strong>Satzung des Vereins<\/strong><\/p>\n\n\n\n<p class=\"has-black-color has-text-color\"><strong>\u00a7 1 Name und Sitz<\/strong><\/p>\n\n\n\n<ul class=\"wp-block-list has-black-color has-text-color\">\n<li>Der Verein tr\u00e4gt den Namen \u201eYoga Institut N\u00fcrnberg e. V.\u201c.<\/li>\n\n\n\n<li>Der Verein hat seinen Sitz in N\u00fcrnberg.<\/li>\n\n\n\n<li>Der Verein soll in das Vereinsregister beim Amtsgericht N\u00fcrnberg<br>eingetragen werden.<\/li>\n<\/ul>\n\n\n\n<p class=\"has-black-color has-text-color\"><strong>\u00a7 2 Zweck des Vereins<\/strong><\/p>\n\n\n\n<ul class=\"wp-block-list has-black-color has-text-color\">\n<li>Der Verein hat den Zweck, die Allgemeinheit auf<br>geistigem, seelischem&nbsp; und sittlichem Gebiet zu f\u00f6rdern und ihrer<br>Gesundheit zu dienen.<\/li>\n\n\n\n<li>Dieser Zweck soll erreicht werden mit Hilfe des klassischen Yoga. Dies<br>geschieht insbesondere durch die F\u00f6rderung der Bildung und<br>Erziehung auf nachfolgend aufgef\u00fchrten Gebieten:\n<ul class=\"wp-block-list\">\n<li>Abhaltung von Kursen, Seminaren und Vortr\u00e4gen \u00fcber folgende<br>Themen:\n<ul class=\"wp-block-list\">\n<li>K\u00f6rper\u00fcbungen (Asanas)<\/li>\n\n\n\n<li>Atem\u00fcbungen (Pranayamas)<\/li>\n\n\n\n<li>K\u00f6rperentschlackung und Yoga-Hygiene (Kriyas)<\/li>\n\n\n\n<li>gesunde Ern\u00e4hrung<\/li>\n\n\n\n<li>Entspannung<\/li>\n\n\n\n<li>Meditation<\/li>\n\n\n\n<li>ganzheitliche Lebensf\u00fchrung<\/li>\n\n\n\n<li>Entwicklung von Stressfreiheit und Harmonie im Alltag<\/li>\n\n\n\n<li>Entfaltung des Bewu\u00dftseins<\/li>\n\n\n\n<li>Wege zu innerem Frieden und Gewaltlosigkeit<\/li>\n\n\n\n<li>verantwortetes, ethisches Handeln<\/li>\n\n\n\n<li>soziale und spirituelle Haltungen<\/li>\n\n\n\n<li>sowie die praktische Anleitung und Begleitung f\u00fcr<br>Yoga-\u00dcbende.<\/li>\n<\/ul>\n<\/li>\n\n\n\n<li>\u00dcberregionale Fortbildung f\u00fcr Yoga-\u00dcbende und Yoga-Lehrer<\/li>\n\n\n\n<li>Tradierung der Grundlagen des klassischen Yoga wie<br>insbesondere der Yoga-Sutren des Patanjali<\/li>\n\n\n\n<li>Zurverf\u00fcgungstellung von Yoga- und Meditationsr\u00e4umen<br>einschlie\u00dflich einer Bibliothek<\/li>\n\n\n\n<li>Beschaffung, Ausstattung und Unterhaltung von daf\u00fcr geeigneten<br>R\u00e4umen.<\/li>\n<\/ul>\n<\/li>\n\n\n\n<li>Der Verein verfolgt ausschlie\u00dflich und unmittelbar gemeinn\u00fctzige<br>Zwecke im Sinne des Abschnitts \u201eSteuerbeg\u00fcnstigte Zwecke\u201c der<br>Abgabenordnung.<\/li>\n\n\n\n<li>Der Verein verfolgt weder konfessionelle noch politische Ziele<br>irgendwelcher Art.<\/li>\n<\/ul>\n\n\n\n<p class=\"has-black-color has-text-color\"><strong>\u00a7 3 Mitgliedschaft<\/strong><\/p>\n\n\n\n<ul class=\"wp-block-list has-black-color has-text-color\">\n<li>Mitglied des Vereins kann jeder werden, der bereit ist, dessen Zweck<br>nach besten Kr\u00e4ften zu unterst\u00fctzen.<\/li>\n\n\n\n<li>F\u00fcr den Erwerb der Mitgliedschaft ist die Zustimmung des Vorstandes<br>erforderlich.<\/li>\n\n\n\n<li>Lehnt der Vorstand den Aufnahmeantrag ab, so steht dem Betroffenen<br>die Berufung zur Mitgliederversammlung zu. Diese entscheidet<br>endg\u00fcltig.<\/li>\n\n\n\n<li>Juristische Personen, sonstige Firmen, Gesellschaften, Vereine oder<br>Verb\u00e4nde k\u00f6nnen F\u00f6rdermitglieder werden.<\/li>\n<\/ul>\n\n\n\n<p class=\"has-black-color has-text-color\"><strong>\u00a7 4 Beendigung der Mitgliedschaft<\/strong><\/p>\n\n\n\n<ul class=\"wp-block-list has-black-color has-text-color\">\n<li>Die Mitgliedschaft endet durch Tod, Austrittserkl\u00e4rung oder Ausschlu\u00df.<\/li>\n\n\n\n<li>Der Austritt erfolgt durch schriftliche Erkl\u00e4rung gegen\u00fcber dem<br>Vorstand.<\/li>\n\n\n\n<li>\u00dcber den Ausschlu\u00df beschlie\u00dft die Mitgliederversammlung mit einer<br>Mehrheit von drei Vierteln der anwesenden Mitglieder.<\/li>\n<\/ul>\n\n\n\n<p class=\"has-black-color has-text-color\"><strong>\u00a7 5 Rechte und Pflichten<\/strong><\/p>\n\n\n\n<ul class=\"wp-block-list has-black-color has-text-color\">\n<li>Den Mitgliedern steht die Benutzung der Vereinsr\u00e4ume zu.<\/li>\n\n\n\n<li>Die Mitglieder haben die Pflicht, einen Jahresbeitrag zu leisten, dessen<br>H\u00f6he von der Mitgliederversammlung bestimmt wird.<\/li>\n<\/ul>\n\n\n\n<p class=\"has-black-color has-text-color\"><strong>\u00a7 6 Organe des Vereins<\/strong><\/p>\n\n\n\n<ul class=\"wp-block-list has-black-color has-text-color\">\n<li>Der Vorstand<\/li>\n\n\n\n<li>Die Mitgliederversammlung<\/li>\n<\/ul>\n\n\n\n<p class=\"has-black-color has-text-color\"><strong>\u00a7 7 Vorstand<\/strong><\/p>\n\n\n\n<ul class=\"wp-block-list has-black-color has-text-color\">\n<li>Die Anzahl und Aufgaben der Vorstandsmitglieder wird von der<br>Mitgliederversammlung bestimmt.<\/li>\n\n\n\n<li>Der Verein wird gerichtlich und au\u00dfergerichtlich durch jedes<br>Vorstandsmitglied alleine vertreten.<\/li>\n\n\n\n<li>Der Vorstand wird von der Mitgliederversammlung gew\u00e4hlt und bleibt<br>bis zur Wahl eines neuen Vorstandes im Amt.<\/li>\n\n\n\n<li>Der Vorstand gibt sich eine Gesch\u00e4ftsordnung.<\/li>\n\n\n\n<li>\u00dcber die Beschl\u00fcsse des Vorstands ist ein Protokoll zu f\u00fchren, das von<br>allen Beteiligten zu unterzeichnen ist.<\/li>\n<\/ul>\n\n\n\n<p class=\"has-black-color has-text-color\"><strong>\u00a7 8 Mitgliederversammlung<\/strong><\/p>\n\n\n\n<ul class=\"wp-block-list has-black-color has-text-color\">\n<li>Mindestens einmal j\u00e4hrlich findet eine ordentliche<br>Mitgliederversammlung statt.<\/li>\n\n\n\n<li>Die Einberufung zu Mitgliederversammlungen geschieht durch den<br>Vorstand mit einer Frist von einer Woche schriftlich unter Angabe der<br>Tagesordnung.<\/li>\n\n\n\n<li>\u00dcber die Beschl\u00fcsse der Mitgliederversammlung ist ein Protokoll<br>aufzunehmen, das vom Vorsitzenden und vom Schriftf\u00fchrer oder von<br>einem von der Versammlung gew\u00e4hlten Protokollf\u00fchrer zu<br>unterzeichnen ist.<\/li>\n<\/ul>\n\n\n\n<p class=\"has-black-color has-text-color\"><strong>\u00a7 9 Selbstlosigkeit<\/strong><\/p>\n\n\n\n<ul class=\"wp-block-list has-black-color has-text-color\">\n<li>Der Verein ist selbstlos t\u00e4tig; er verfolgt nicht in erster Linie<br>eigenwirtschaftliche Zwecke.<\/li>\n\n\n\n<li>Mittel des Vereins d\u00fcrfen nur f\u00fcr die satzungsgem\u00e4\u00dfen Zwecke<br>verwendet werden. Die Mitglieder erhalten keine Zuwendungen aus<br>Mitteln des Vereins.<\/li>\n\n\n\n<li>Die Mitglieder erhalten beim Ausscheiden oder bei Aufl\u00f6sung oder<br>Aufhebung des Vereins keinen Anteil am Vereinsverm\u00f6gen.<\/li>\n\n\n\n<li>Es darf keine Person durch Ausgaben, die dem Zweck des Vereins<br>fremd sind, oder durch unverh\u00e4ltnism\u00e4\u00dfig hohe Verg\u00fctungen<br>beg\u00fcnstigt werden.<\/li>\n\n\n\n<li>Der Vorstand hat daf\u00fcr zu sorgen, da\u00df der Verein seinen<br>gemeinn\u00fctzigen Charakter im Sinne der Finanzbeh\u00f6rden beh\u00e4lt.<\/li>\n\n\n\n<li>Jede Satzungs\u00e4nderung ist vor dessen Anmeldung beim<br>Registergericht dem zust\u00e4ndigen Finanzamt vorzulegen.<\/li>\n<\/ul>\n\n\n\n<p class=\"has-black-color has-text-color\"><strong>\u00a7 10 Aufl\u00f6sung<\/strong><\/p>\n\n\n\n<ul class=\"wp-block-list has-black-color has-text-color\">\n<li>Bei Aufl\u00f6sung oder Aufhebung des Vereins oder bei Wegfall<br>steuerbeg\u00fcnstigter Zwecke ist das Verm\u00f6gen zu steuerbeg\u00fcnstigten<br>Zwecken zu verwenden.<\/li>\n\n\n\n<li>Beschl\u00fcsse \u00fcber die k\u00fcnftige Verwendung des Verm\u00f6gens d\u00fcrfen erst<br>nach Einwilligung des Finanzamts durchgef\u00fchrt werden.<\/li>\n<\/ul>\n\n\n\n<p class=\"has-black-color has-text-color\">N\u00fcrnberg, den 3. Januar 1997<\/p>\n","protected":false},"excerpt":{"rendered":"<p>Das Yoga Institut N\u00fcrnberg e. V. ist ein spirituelles Zentrum, das Raum f\u00fcr Gesundheit bietet.<br \/>\nDas YIN ist als gemeinn\u00fctziger Verein anerkannt. <\/p>\n","protected":false},"author":1,"featured_media":1770,"parent":0,"menu_order":0,"comment_status":"closed","ping_status":"closed","template":"","meta":{"footnotes":""},"class_list":["post-46","page","type-page","status-publish","has-post-thumbnail","hentry"],"_links":{"self":[{"href":"https:\/\/yoga-nbg.de\/index.php?rest_route=\/wp\/v2\/pages\/46","targetHints":{"allow":["GET"]}}],"collection":[{"href":"https:\/\/yoga-nbg.de\/index.php?rest_route=\/wp\/v2\/pages"}],"about":[{"href":"https:\/\/yoga-nbg.de\/index.php?rest_route=\/wp\/v2\/types\/page"}],"author":[{"embeddable":true,"href":"https:\/\/yoga-nbg.de\/index.php?rest_route=\/wp\/v2\/users\/1"}],"replies":[{"embeddable":true,"href":"https:\/\/yoga-nbg.de\/index.php?rest_route=%2Fwp%2Fv2%2Fcomments&post=46"}],"version-history":[{"count":14,"href":"https:\/\/yoga-nbg.de\/index.php?rest_route=\/wp\/v2\/pages\/46\/revisions"}],"predecessor-version":[{"id":2765,"href":"https:\/\/yoga-nbg.de\/index.php?rest_route=\/wp\/v2\/pages\/46\/revisions\/2765"}],"wp:featuredmedia":[{"embeddable":true,"href":"https:\/\/yoga-nbg.de\/index.php?rest_route=\/wp\/v2\/media\/1770"}],"wp:attachment":[{"href":"https:\/\/yoga-nbg.de\/index.php?rest_route=%2Fwp%2Fv2%2Fmedia&parent=46"}],"curies":[{"name":"wp","href":"https:\/\/api.w.org\/{rel}","templated":true}]}}